{"id":9543,"date":"2026-04-24T08:01:04","date_gmt":"2026-04-24T08:01:04","guid":{"rendered":"https:\/\/lamaquinadelahorro.es\/index.php\/producto\/b0c2797vbw\/"},"modified":"2026-04-24T08:01:04","modified_gmt":"2026-04-24T08:01:04","slug":"b0c2797vbw","status":"publish","type":"product","link":"https:\/\/lamaquinadelahorro.es\/index.php\/producto\/b0c2797vbw\/","title":{"rendered":"B0C2797VBW"},"content":{"rendered":"<p>&#8211; Joyero Kamier de 4 Capas: Organizador Completo para Todas tus Joyas Este joyeros mujer organizador de 4 capas cuenta con 3 cajones espaciosos y una capa superior con espejo integrado. Detr\u00e1s del espejo incluye ganchos para collares, y cada nivel ofrece espacios dedicados para pendientes, anillos, pulseras, relojes, labiales, gafas y perfumes. Un joyero grande ideal para mantener tus piezas organizadas y de f\u00e1cil acceso.<br \/>\n&#8211; Compartimentos Desmontables: Este joyeros mujer organizador grande dispone de compartimentos extra\u00edbles que permiten personalizar el espacio seg\u00fan tus necesidades. Es un pr\u00e1ctico y vers\u00e1til caja joyero que funciona perfectamente en el tocador o como decoraci\u00f3n en el armario. Un jewelry box funcional y adaptable.<br \/>\n&#8211; Alta Calidad y Protecci\u00f3n: Fabricado en piel sint\u00e9tica impermeable y anti-polvo, con forro de terciopelo suave que protege tus joyas de ara\u00f1azos. Cuenta con cierre de metal resistente para mayor seguridad. Un joyero mujer duradero, bien elaborado y dise\u00f1ado para cuidar todos tus accesorios.<br \/>\n&#8211; Espacio Amplio y Dise\u00f1o Moderno\uff1aEste joyeros de 4 niveles organiza por completo tu joyer\u00eda: capa superior con ranuras para piezas peque\u00f1as y dos cajones inferiores para art\u00edculos mayores. Ofrece amplio espacio de almacenamiento y acceso r\u00e1pido, luciendo elegante en tocadores de dormitorio o armarios. Un joyero grande moderno que combina estilo y utilidad.<br \/>\n&#8211; Regalo Perfecto para Ella con Tarjeta de Dedicatoria: Nuestro jewelry box es el regalo ideal para San Valent\u00edn, Navidad, D\u00eda de la Madre, cumplea\u00f1os y bodas. Incluye una tarjeta dedicatoria para escribir tus mensajes m\u00e1s sinceros. Elegante, pr\u00e1ctico y lleno de detalles especiales para sorprender a mam\u00e1, esposa, novia o amigas.<\/p>\n","protected":false},"excerpt":{"rendered":"<p><b>KAMIER Joyero grande de 4 Niveles, Joyeros mujer organizador caja de joyas con espejo, cajones y cerradura, piel sint\u00e9tica, forro interior de terciopelo, Beige, Regalos para mujeres<\/b><\/p>\n","protected":false},"featured_media":9542,"comment_status":"open","ping_status":"closed","template":"","meta":[],"product_brand":[],"product_cat":[15],"product_tag":[],"class_list":{"0":"post-9543","1":"product","2":"type-product","3":"status-publish","4":"has-post-thumbnail","6":"product_cat-sin-categorizar","8":"first","9":"instock","10":"shipping-taxable","11":"product-type-external"},"_links":{"self":[{"href":"https:\/\/lamaquinadelahorro.es\/index.php\/wp-json\/wp\/v2\/product\/9543","targetHints":{"allow":["GET"]}}],"collection":[{"href":"https:\/\/lamaquinadelahorro.es\/index.php\/wp-json\/wp\/v2\/product"}],"about":[{"href":"https:\/\/lamaquinadelahorro.es\/index.php\/wp-json\/wp\/v2\/types\/product"}],"replies":[{"embeddable":true,"href":"https:\/\/lamaquinadelahorro.es\/index.php\/wp-json\/wp\/v2\/comments?post=9543"}],"wp:featuredmedia":[{"embeddable":true,"href":"https:\/\/lamaquinadelahorro.es\/index.php\/wp-json\/wp\/v2\/media\/9542"}],"wp:attachment":[{"href":"https:\/\/lamaquinadelahorro.es\/index.php\/wp-json\/wp\/v2\/media?parent=9543"}],"wp:term":[{"taxonomy":"product_brand","embeddable":true,"href":"https:\/\/lamaquinadelahorro.es\/index.php\/wp-json\/wp\/v2\/product_brand?post=9543"},{"taxonomy":"product_cat","embeddable":true,"href":"https:\/\/lamaquinadelahorro.es\/index.php\/wp-json\/wp\/v2\/product_cat?post=9543"},{"taxonomy":"product_tag","embeddable":true,"href":"https:\/\/lamaquinadelahorro.es\/index.php\/wp-json\/wp\/v2\/product_tag?post=9543"}],"curies":[{"name":"wp","href":"https:\/\/api.w.org\/{rel}","templated":true}]}}