{"id":9493,"date":"2026-04-23T08:30:29","date_gmt":"2026-04-23T08:30:29","guid":{"rendered":"https:\/\/lamaquinadelahorro.es\/index.php\/producto\/b0ffmbnckj-2\/"},"modified":"2026-04-23T08:30:29","modified_gmt":"2026-04-23T08:30:29","slug":"b0ffmbnckj-2","status":"publish","type":"product","link":"https:\/\/lamaquinadelahorro.es\/index.php\/producto\/b0ffmbnckj-2\/","title":{"rendered":"B0FFMBNCKJ"},"content":{"rendered":"<p>&#8211; Versatilidad y Estilo Profesional\uff1aEl secador de pelo con cepillo para incluye secador, rizadora autom\u00e1tica, cepillo voluminizador ovalado y cepillo alisador con funci\u00f3n de masaje: imprescindible en tu hogar! Cambia entre accesorios en segundos y crea un look personalizado f\u00e1cil y r\u00e1pidamente, ya sea para el trabajo, una cita rom\u00e1ntica o un evento especial<br \/>\n&#8211; Secado R\u00e1pido y Ahorra Tiempo y Esfuerzo: El air styler 5 en 1 cuenta con un potente flujo de aire para un secado y volumen ultrarr\u00e1pidos. Solo toma unos minutos lograr un secado y volumen ultrarr\u00e1pidos, reduciendo el frizz y aumentando el volumen. Ideal para quienes tienen prisa por llegar al trabajo por la ma\u00f1ana<br \/>\n&#8211; Rizador Autom\u00e1tico: El 5 in 1 hair dryer Crea rizos voluminosos sin esfuerzo, incluso para principiantes! Este rizador autom\u00e1tico de 32 mm cuenta con tecnolog\u00eda Konda y un potente flujo de aire. Su boquilla giratoria aspira y envuelve autom\u00e1ticamente el cabello para rizos perfectos. El bot\u00f3n de aire fr\u00edo mantiene el peinado largo, minimizando el da\u00f1o por calor. (Para tutoriales de rizado, consulta el manual de instrucciones\/p\u00e1gina A+)<br \/>\n&#8211; F\u00e1cil de Usar y Seguro: El secador pelo cepillo cuenta con 4 ajustes de temperatura (aire fr\u00edo, baja, media y alta temperatura) y 2 velocidades (baja y alta), lo que te permite personalizar tu peinado con facilidad. Incluye un indicador luminoso para un ajuste intuitivo. El bot\u00f3n de bloqueo autom\u00e1tico evita que los accesorios se caigan, y el cable giratorio de 360 grados facilita su uso sin enredos. Adem\u00e1s, dispone de protecci\u00f3n contra sobrecalentamiento para un uso seguro<br \/>\n&#8211; Viajes Port\u00e1tiles: Este secador electrico pelo con una bolsa de almacenamiento que puede contener cinco accesorios, adem\u00e1s de un guante t\u00e9rmico, pinzas para el pelo y un cepillo de limpieza para evitar enredos. Es especialmente adecuado para viajes cortos, ya que cabe f\u00e1cilmente en una maleta o en un caj\u00f3n en casa<br \/>\n&#8211; Regalo Perfecto: MESCOMB 5 en 1 air styler, olv\u00eddate de esas herramientas pesadas que ocupan espacio o no tienen malet\u00edn. Este set de cepillos t\u00e9rmicos incluye un estuche elegante e impermeable para guardarlo todo f\u00e1cilmente. Ideal para cumplea\u00f1os, aniversarios, Navidad o fiestas, o como sorpresa para la vuelta al cole: Regala la experiencia profesional de peluquer\u00eda en casa y haz feliz a alguien especial<\/p>\n","protected":false},"excerpt":{"rendered":"<p><b>MESCOMB 5 en 1 Air Styler &amp; Cepillo Secador de Pelo, Secado R\u00e1pido, Sin Da\u00f1os por Calor, Sin Frizz par Volumisation para Todo Tipo de Cabello, Bolsa Organizadora de Regalo, Dar Regalos<\/b><\/p>\n","protected":false},"featured_media":9492,"comment_status":"open","ping_status":"closed","template":"","meta":[],"product_brand":[],"product_cat":[15],"product_tag":[],"class_list":{"0":"post-9493","1":"product","2":"type-product","3":"status-publish","4":"has-post-thumbnail","6":"product_cat-sin-categorizar","8":"first","9":"instock","10":"shipping-taxable","11":"product-type-external"},"_links":{"self":[{"href":"https:\/\/lamaquinadelahorro.es\/index.php\/wp-json\/wp\/v2\/product\/9493","targetHints":{"allow":["GET"]}}],"collection":[{"href":"https:\/\/lamaquinadelahorro.es\/index.php\/wp-json\/wp\/v2\/product"}],"about":[{"href":"https:\/\/lamaquinadelahorro.es\/index.php\/wp-json\/wp\/v2\/types\/product"}],"replies":[{"embeddable":true,"href":"https:\/\/lamaquinadelahorro.es\/index.php\/wp-json\/wp\/v2\/comments?post=9493"}],"wp:featuredmedia":[{"embeddable":true,"href":"https:\/\/lamaquinadelahorro.es\/index.php\/wp-json\/wp\/v2\/media\/9492"}],"wp:attachment":[{"href":"https:\/\/lamaquinadelahorro.es\/index.php\/wp-json\/wp\/v2\/media?parent=9493"}],"wp:term":[{"taxonomy":"product_brand","embeddable":true,"href":"https:\/\/lamaquinadelahorro.es\/index.php\/wp-json\/wp\/v2\/product_brand?post=9493"},{"taxonomy":"product_cat","embeddable":true,"href":"https:\/\/lamaquinadelahorro.es\/index.php\/wp-json\/wp\/v2\/product_cat?post=9493"},{"taxonomy":"product_tag","embeddable":true,"href":"https:\/\/lamaquinadelahorro.es\/index.php\/wp-json\/wp\/v2\/product_tag?post=9493"}],"curies":[{"name":"wp","href":"https:\/\/api.w.org\/{rel}","templated":true}]}}