{"id":652,"date":"2025-11-23T03:30:27","date_gmt":"2025-11-23T03:30:27","guid":{"rendered":"https:\/\/lamaquinadelahorro.es\/index.php\/producto\/b0c1hf6n6s\/"},"modified":"2025-11-23T03:30:27","modified_gmt":"2025-11-23T03:30:27","slug":"b0c1hf6n6s","status":"publish","type":"product","link":"https:\/\/lamaquinadelahorro.es\/index.php\/producto\/b0c1hf6n6s\/","title":{"rendered":"B0C1HF6N6S"},"content":{"rendered":"<p>&#8211; \u3010Kit completo para protecci\u00f3n de tu hogar sin cuotas mensuales\u3011 Disfruta de la tranquilidad de un hogar seguro con este kit alarma casa, que incluye todo lo necesario para proteger tu vivienda sin tener que pagar cuotas mensuales. El sistema de alarma para casa viene con una central de alarma, un mando a distancia, un detector magn\u00e9tico para puerta\/ventana, un detector de movimiento PIR y una c\u00e1mara WiFi 360\u00ba para monitorear el interior de tu hogar. Adem\u00e1s, la central de alarma incorpora una potente sirena de 90dB, ideal para ahuyentar a cualquier intruso.<br \/>\n&#8211; \u3010Instalaci\u00f3n f\u00e1cil y gesti\u00f3n a trav\u00e9s de la app Tuya\u3011 Olv\u00eddate de las cuotas mensuales y la instalaci\u00f3n complicada. Este sistema de alarma se conecta a Internet de forma inal\u00e1mbrica mediante WiFi y se puede gestionar f\u00e1cilmente desde la intuitiva app Tuya. Recibe notificaciones instant\u00e1neas en tu smartphone ante cualquier intrusi\u00f3n o cambio en el sistema, manteni\u00e9ndote al tanto de la seguridad de tu hogar en todo momento. Adem\u00e1s, la app Tuya es compatible con Android e iOS, lo que te permite controlar tu sistema de alarma de forma sencilla y c\u00f3moda desde cualquier lugar.<br \/>\n&#8211; \u3010Expansi\u00f3n f\u00e1cil y adaptabilidad a tu hogar\u3011 Este kit alarma casa es totalmente expandible hasta 60 dispositivos inal\u00e1mbricos, incluyendo sirenas, detectores de movimiento para interiores y exteriores, botones de p\u00e1nico, teclados, y muchos otros accesorios. Puedes adaptar este sistema de alarma a tus necesidades espec\u00edficas, ya sea para una casa, apartamento o negocio, cubriendo todas las \u00e1reas clave para una protecci\u00f3n completa. Mant\u00e9n tu hogar seguro con una amplia gama de productos de seguridad.<br \/>\n&#8211; \u3010Funci\u00f3n SOS para emergencias inmediatas\u3011 La seguridad de tu familia es lo m\u00e1s importante. Con la funci\u00f3n SOS de este sistema de alarma para casa, puedes alertar r\u00e1pidamente a tus seres queridos ante cualquier emergencia. Con solo pulsar el mando incorporado o usar la app Tuya, se enviar\u00e1 una notificaci\u00f3n a todos los usuarios autorizados, permitiendo que puedan actuar r\u00e1pidamente en caso de ser necesario. Esta funci\u00f3n adicional te da tranquilidad al saber que siempre hay un sistema de respaldo en situaciones cr\u00edticas.<br \/>\n&#8211; \u3010Bater\u00eda de respaldo para protecci\u00f3n continua\u3011 Este sistema de alarma cuenta con una bater\u00eda de respaldo integrada, lo que asegura que tu hogar siga protegido incluso durante un corte el\u00e9ctrico. La central de alarma ofrece una autonom\u00eda de hasta 4 horas, y en caso de un corte de energ\u00eda, recibir\u00e1s una notificaci\u00f3n en tu smartphone, manteni\u00e9ndote informado y con el control total de tu hogar en todo momento. No dejes que un imprevisto apague la protecci\u00f3n de tu casa.<br \/>\n&#8211; \u3010Soporte t\u00e9cnico inmediato \u3011Nivian ofrece soporte t\u00e9cnico a todos los clientes. Por favor no dudes en contactarnos si tienes cualquier duda, sugerencia o incidendia con tu c\u00e1mara de vigilancia wifi. Puedes contactar con nosotros por los mensajes de Amazon o a trav\u00e9s de cualquier canal oficial de la marca NIVIAN.<\/p>\n","protected":false},"excerpt":{"rendered":"<p><b>Nivian-Sistema de Alarma para Casa y Negocios Sin Cuotas Mensuales | Kit de Alarma WiFi con Control Remoto a trav\u00e9s de App Tuya | Funci\u00f3n SOS | F\u00e1cil Instalaci\u00f3n Sin Cables<\/b><\/p>\n","protected":false},"featured_media":651,"comment_status":"open","ping_status":"closed","template":"","meta":[],"product_brand":[],"product_cat":[15],"product_tag":[],"class_list":{"0":"post-652","1":"product","2":"type-product","3":"status-publish","4":"has-post-thumbnail","6":"product_cat-sin-categorizar","8":"first","9":"instock","10":"shipping-taxable","11":"product-type-external"},"_links":{"self":[{"href":"https:\/\/lamaquinadelahorro.es\/index.php\/wp-json\/wp\/v2\/product\/652","targetHints":{"allow":["GET"]}}],"collection":[{"href":"https:\/\/lamaquinadelahorro.es\/index.php\/wp-json\/wp\/v2\/product"}],"about":[{"href":"https:\/\/lamaquinadelahorro.es\/index.php\/wp-json\/wp\/v2\/types\/product"}],"replies":[{"embeddable":true,"href":"https:\/\/lamaquinadelahorro.es\/index.php\/wp-json\/wp\/v2\/comments?post=652"}],"wp:featuredmedia":[{"embeddable":true,"href":"https:\/\/lamaquinadelahorro.es\/index.php\/wp-json\/wp\/v2\/media\/651"}],"wp:attachment":[{"href":"https:\/\/lamaquinadelahorro.es\/index.php\/wp-json\/wp\/v2\/media?parent=652"}],"wp:term":[{"taxonomy":"product_brand","embeddable":true,"href":"https:\/\/lamaquinadelahorro.es\/index.php\/wp-json\/wp\/v2\/product_brand?post=652"},{"taxonomy":"product_cat","embeddable":true,"href":"https:\/\/lamaquinadelahorro.es\/index.php\/wp-json\/wp\/v2\/product_cat?post=652"},{"taxonomy":"product_tag","embeddable":true,"href":"https:\/\/lamaquinadelahorro.es\/index.php\/wp-json\/wp\/v2\/product_tag?post=652"}],"curies":[{"name":"wp","href":"https:\/\/api.w.org\/{rel}","templated":true}]}}