{"id":580,"date":"2025-11-22T06:01:34","date_gmt":"2025-11-22T06:01:34","guid":{"rendered":"https:\/\/lamaquinadelahorro.es\/index.php\/producto\/b0fl7krzr9\/"},"modified":"2025-11-22T06:01:34","modified_gmt":"2025-11-22T06:01:34","slug":"b0fl7krzr9","status":"publish","type":"product","link":"https:\/\/lamaquinadelahorro.es\/index.php\/producto\/b0fl7krzr9\/","title":{"rendered":"B0FL7KRZR9"},"content":{"rendered":"<p>&#8211; Aspira en profundidad. Potencia de succi\u00f3n de 80 AW y 20000 Pa para limpiar hasta la suciedad que no ves.<br \/>\n&#8211; Potencia constante, limpieza sin esfuerzo. Motor BDLC con 265 W que ofrece un mejor rendimiento de la bater\u00eda y aumenta la vida \u00fatil del aspirador gracias a su dise\u00f1o sin escobillas.<br \/>\n&#8211; Limpia hasta 120 m2* sin parones. Bater\u00eda desmontable de 25,2 V Max y 2200 mAh. Hasta 50 minutos de autonom\u00eda en modo Eco y aspirador de mano, 30 en modo Medio y 17 en modo Turbo. Con el tubo y el pie motorizado en modo Eco, alcanza hasta 45 minutos, 25 en modo Medio y 15 en modo Turbo. *La autonom\u00eda var\u00eda en funci\u00f3n del modo que el usuario seleccione. Se recomienda utilizar el modo Eco, y aumentarlo en caso de haber una suciedad mayor.<br \/>\n&#8211; Aspira todo y elimina enredos. Cepillo mixto con HairOut: atrapa todo tipo de suciedad, eliminando los enredos de pelos gracias al dise\u00f1o dentado del pie de aspiraci\u00f3n, que reduce al m\u00ednimo la necesidad de limpieza manual.<br \/>\n&#8211; Limpia m\u00e1s y vac\u00eda con menos frecuencia. Dep\u00f3sito de 1200 ml: gran capacidad que evita que se tenga que estar vaciando constantemente.<\/p>\n","protected":false},"excerpt":{"rendered":"<p><b>Cecotec Aspiradora Escoba sin Cable Conga Rockstar P50 X-Treme. 80AW, 20000Pa, Motor BDLC con 265W, Autonom\u00eda 50mins en Modo Eco, Cepillo Mixto con HairOut, Antienredos, Dep\u00f3sito 1200ml<\/b><\/p>\n","protected":false},"featured_media":579,"comment_status":"open","ping_status":"closed","template":"","meta":[],"product_brand":[],"product_cat":[15],"product_tag":[],"class_list":{"0":"post-580","1":"product","2":"type-product","3":"status-publish","4":"has-post-thumbnail","6":"product_cat-sin-categorizar","8":"first","9":"instock","10":"shipping-taxable","11":"product-type-external"},"_links":{"self":[{"href":"https:\/\/lamaquinadelahorro.es\/index.php\/wp-json\/wp\/v2\/product\/580","targetHints":{"allow":["GET"]}}],"collection":[{"href":"https:\/\/lamaquinadelahorro.es\/index.php\/wp-json\/wp\/v2\/product"}],"about":[{"href":"https:\/\/lamaquinadelahorro.es\/index.php\/wp-json\/wp\/v2\/types\/product"}],"replies":[{"embeddable":true,"href":"https:\/\/lamaquinadelahorro.es\/index.php\/wp-json\/wp\/v2\/comments?post=580"}],"wp:featuredmedia":[{"embeddable":true,"href":"https:\/\/lamaquinadelahorro.es\/index.php\/wp-json\/wp\/v2\/media\/579"}],"wp:attachment":[{"href":"https:\/\/lamaquinadelahorro.es\/index.php\/wp-json\/wp\/v2\/media?parent=580"}],"wp:term":[{"taxonomy":"product_brand","embeddable":true,"href":"https:\/\/lamaquinadelahorro.es\/index.php\/wp-json\/wp\/v2\/product_brand?post=580"},{"taxonomy":"product_cat","embeddable":true,"href":"https:\/\/lamaquinadelahorro.es\/index.php\/wp-json\/wp\/v2\/product_cat?post=580"},{"taxonomy":"product_tag","embeddable":true,"href":"https:\/\/lamaquinadelahorro.es\/index.php\/wp-json\/wp\/v2\/product_tag?post=580"}],"curies":[{"name":"wp","href":"https:\/\/api.w.org\/{rel}","templated":true}]}}