{"id":450,"date":"2025-11-20T15:01:21","date_gmt":"2025-11-20T15:01:21","guid":{"rendered":"https:\/\/lamaquinadelahorro.es\/index.php\/producto\/b0f29lxjfk\/"},"modified":"2025-11-20T15:01:21","modified_gmt":"2025-11-20T15:01:21","slug":"b0f29lxjfk","status":"publish","type":"product","link":"https:\/\/lamaquinadelahorro.es\/index.php\/producto\/b0f29lxjfk\/","title":{"rendered":"B0F29LXJFK"},"content":{"rendered":"<p>&#8211; Lleva la nebulizaci\u00f3n contigo, dentro o fuera de casa: Con la tecnolog\u00eda HydroGo Evaporating Cooling de Shark de gotas ultrafinas, podr\u00e1s disfrutar de una refrescante nebulizaci\u00f3n dentro o fuera de casa. Para que, vayas donde vayas, no pases calor.<br \/>\n&#8211; Ventilador de exterior (con resistencia a la lluvia y a los rayos UV*) y silencioso en interiores: dentro de casa es silencioso y casi no molesta, ideal para dormir, leer o trabajar. * Materiales resistentes a los rayos UV conforme a la norma UL746C.<br \/>\n&#8211; Duraci\u00f3n (sin nebulizaci\u00f3n): Velocidad 1 \u2013 hasta 12 h, Velocidad 3 \u2013 hasta 3,5 h, Velocidad 5 \u2013 hasta 1 h<br \/>\n&#8211; Port\u00e1til y personalizable: De peque\u00f1o tama\u00f1o y menos de 2,1 kg, para refrescarte all\u00e1 donde vayas. Elige entre 6 elegantes colores y accesorios (se venden por separado), como cargador de coche y bolsa de transporte.<br \/>\n&#8211; Dimensiones: 29 \u05e021 \u05e022 cm (alto \u00d7 ancho \u00d7 fondo). Peso: tbc kg. Color: carb\u00f3n La caja incluye: Ventilador Shark y cargador<\/p>\n","protected":false},"excerpt":{"rendered":"<p><b>Shark FlexBreeze HydroGo, potente ventilador silencioso port\u00e1til con nebulizaci\u00f3n, para interior y exterior, resistente, con o sin cable, peque\u00f1o y ligero, 5 ajustes de velocidad, Gris FA050EU<\/b><\/p>\n","protected":false},"featured_media":449,"comment_status":"open","ping_status":"closed","template":"","meta":[],"product_brand":[],"product_cat":[15],"product_tag":[],"class_list":{"0":"post-450","1":"product","2":"type-product","3":"status-publish","4":"has-post-thumbnail","6":"product_cat-sin-categorizar","8":"first","9":"instock","10":"shipping-taxable","11":"product-type-external"},"_links":{"self":[{"href":"https:\/\/lamaquinadelahorro.es\/index.php\/wp-json\/wp\/v2\/product\/450","targetHints":{"allow":["GET"]}}],"collection":[{"href":"https:\/\/lamaquinadelahorro.es\/index.php\/wp-json\/wp\/v2\/product"}],"about":[{"href":"https:\/\/lamaquinadelahorro.es\/index.php\/wp-json\/wp\/v2\/types\/product"}],"replies":[{"embeddable":true,"href":"https:\/\/lamaquinadelahorro.es\/index.php\/wp-json\/wp\/v2\/comments?post=450"}],"wp:featuredmedia":[{"embeddable":true,"href":"https:\/\/lamaquinadelahorro.es\/index.php\/wp-json\/wp\/v2\/media\/449"}],"wp:attachment":[{"href":"https:\/\/lamaquinadelahorro.es\/index.php\/wp-json\/wp\/v2\/media?parent=450"}],"wp:term":[{"taxonomy":"product_brand","embeddable":true,"href":"https:\/\/lamaquinadelahorro.es\/index.php\/wp-json\/wp\/v2\/product_brand?post=450"},{"taxonomy":"product_cat","embeddable":true,"href":"https:\/\/lamaquinadelahorro.es\/index.php\/wp-json\/wp\/v2\/product_cat?post=450"},{"taxonomy":"product_tag","embeddable":true,"href":"https:\/\/lamaquinadelahorro.es\/index.php\/wp-json\/wp\/v2\/product_tag?post=450"}],"curies":[{"name":"wp","href":"https:\/\/api.w.org\/{rel}","templated":true}]}}