{"id":396,"date":"2025-11-19T22:30:26","date_gmt":"2025-11-19T22:30:26","guid":{"rendered":"https:\/\/lamaquinadelahorro.es\/index.php\/producto\/b0dzhvd7yj\/"},"modified":"2025-11-19T22:30:26","modified_gmt":"2025-11-19T22:30:26","slug":"b0dzhvd7yj","status":"publish","type":"product","link":"https:\/\/lamaquinadelahorro.es\/index.php\/producto\/b0dzhvd7yj\/","title":{"rendered":"B0DZHVD7YJ"},"content":{"rendered":"<p>&#8211; \u3010Comodidad Amplia y Resistente\u3011 Esta silla mecedora de gran tama\u00f1o tiene un marco met\u00e1lico con capacidad para 205 kg y un asiento grande y ergon\u00f3mico. Con dimensiones de 110 x 95 x 94 cm (L x AN x AL), el generoso dise\u00f1o de gran tama\u00f1o permite que tu cuerpo se relaje por completo.<br \/>\n&#8211; \u3010Coj\u00edn Acolchado de Lujo\u3011 El coj\u00edn de 16 cm de grosor de la mecedora salon xxl est\u00e1 dise\u00f1ado para reducir los puntos de presi\u00f3n y proporcionar horas de comodidad. La funda del coj\u00edn es transpirable y resistente al agua, asegurando que se mantenga en excelente estado durante a\u00f1os.<br \/>\n&#8211; \u3010Movimiento Relajante de Balanceo\u3011 Este sill\u00f3n balancin se mece 30\u00b0 hacia adelante y hacia atr\u00e1s, proporcionando un suave movimiento que elimina el estr\u00e9s al instante. Se requiere montaje y es relativamente f\u00e1cil de instalar.<br \/>\n&#8211; \u3010Dise\u00f1o Pensado para la Seguridad\u3011 Los almohadones antideslizantes en la base aseguran que el sill\u00f3n huevo se quede en su lugar, amortiguando el ruido mientras se mece. Adem\u00e1s, los pies ajustables en la parte trasera evitan que la silla se voltee, haci\u00e9ndola segura para todos.<br \/>\n&#8211; \u3010Adici\u00f3n Vers\u00e1til y Elegante\u3011 Ideal para un rinc\u00f3n de lectura acogedor, una sala de estar elegante, un patio soleado, junto a la piscina, etc. Tenga en cuenta que mantenerla protegida de la lluvia para prolongar su durabilidad y disfrutarla durante muchos a\u00f1os.<\/p>\n","protected":false},"excerpt":{"rendered":"<p><b>COSTWAY Silla Mecedora con Coj\u00edn Acolchado, 110x95x94 cm, Mecedora Salon Extra Grande, Carga 205 kg, Sillon Balancin con Marco de Metal, Pies Antideslizantes, Antivulco, Interior y Exterior, (Gris)<\/b><\/p>\n","protected":false},"featured_media":395,"comment_status":"open","ping_status":"closed","template":"","meta":[],"product_brand":[],"product_cat":[15],"product_tag":[],"class_list":{"0":"post-396","1":"product","2":"type-product","3":"status-publish","4":"has-post-thumbnail","6":"product_cat-sin-categorizar","8":"first","9":"instock","10":"shipping-taxable","11":"product-type-external"},"_links":{"self":[{"href":"https:\/\/lamaquinadelahorro.es\/index.php\/wp-json\/wp\/v2\/product\/396","targetHints":{"allow":["GET"]}}],"collection":[{"href":"https:\/\/lamaquinadelahorro.es\/index.php\/wp-json\/wp\/v2\/product"}],"about":[{"href":"https:\/\/lamaquinadelahorro.es\/index.php\/wp-json\/wp\/v2\/types\/product"}],"replies":[{"embeddable":true,"href":"https:\/\/lamaquinadelahorro.es\/index.php\/wp-json\/wp\/v2\/comments?post=396"}],"wp:featuredmedia":[{"embeddable":true,"href":"https:\/\/lamaquinadelahorro.es\/index.php\/wp-json\/wp\/v2\/media\/395"}],"wp:attachment":[{"href":"https:\/\/lamaquinadelahorro.es\/index.php\/wp-json\/wp\/v2\/media?parent=396"}],"wp:term":[{"taxonomy":"product_brand","embeddable":true,"href":"https:\/\/lamaquinadelahorro.es\/index.php\/wp-json\/wp\/v2\/product_brand?post=396"},{"taxonomy":"product_cat","embeddable":true,"href":"https:\/\/lamaquinadelahorro.es\/index.php\/wp-json\/wp\/v2\/product_cat?post=396"},{"taxonomy":"product_tag","embeddable":true,"href":"https:\/\/lamaquinadelahorro.es\/index.php\/wp-json\/wp\/v2\/product_tag?post=396"}],"curies":[{"name":"wp","href":"https:\/\/api.w.org\/{rel}","templated":true}]}}